{"id":106,"date":"2024-04-08T14:13:44","date_gmt":"2024-04-08T12:13:44","guid":{"rendered":"https:\/\/paladio.fr\/?page_id=106"},"modified":"2024-06-21T11:03:07","modified_gmt":"2024-06-21T09:03:07","slug":"qui-sommes-nous","status":"publish","type":"page","link":"https:\/\/paladio.fr\/index.php\/qui-sommes-nous\/","title":{"rendered":"Qui sommes nous ?"},"content":{"rendered":"\n<div style=\"height:60px\" aria-hidden=\"true\" class=\"wp-block-spacer\"><\/div>\n\n\n\n<div class=\"wp-block-columns alignwide is-layout-flex wp-container-core-columns-is-layout-28f84493 wp-block-columns-is-layout-flex\">\n<div class=\"wp-block-column is-layout-flow wp-block-column-is-layout-flow\" style=\"flex-basis:100%\">\n<p class=\"has-text-align-center has-text-color has-heading-font-family\" style=\"color:#ee7a10;font-size:clamp(21.536px, 1.346rem + ((1vw - 3.2px) * 1.403), 35px);font-style:normal;font-weight:600\">Qui sommes nous ?<\/p>\n<\/div>\n<\/div>\n\n\n\n<div style=\"height:30px\" aria-hidden=\"true\" class=\"wp-block-spacer\"><\/div>\n\n\n\n<div class=\"wp-block-columns alignwide is-layout-flex wp-container-core-columns-is-layout-28f84493 wp-block-columns-is-layout-flex\">\n<div class=\"wp-block-column is-vertically-aligned-center is-layout-flow wp-block-column-is-layout-flow\" style=\"border-style:none;border-width:0px;padding-top:0;padding-right:var(--wp--preset--spacing--20);padding-bottom:0;padding-left:var(--wp--preset--spacing--20);flex-basis:70%\">\n<div class=\"wp-block-group is-vertical is-content-justification-center is-layout-flex wp-container-core-group-is-layout-ce155fab wp-block-group-is-layout-flex\">\n<p class=\"has-text-align-center has-text-color has-link-color has-montserrat-font-family wp-elements-9e15fba99b61da561ab4fe68ae8cbde0\" style=\"color:#006581;font-size:clamp(16.293px, 1.018rem + ((1vw - 3.2px) * 0.907), 25px);font-style:normal;font-weight:600\">Paladio<\/p>\n\n\n\n<p class=\"has-text-align-center has-contrast-2-color has-text-color\" style=\"font-size:clamp(14px, 0.875rem + ((1vw - 3.2px) * 0.104), 15px);\">Nous avons cr\u00e9\u00e9 Paladio pour commercialiser l\u2019ensemble des produits fabriqu\u00e9s dans nos sites de production. Pr\u00e9sents sur tout le territoire, nous affirmons clairement notre engagement de fabricant national.<br><br>Nous collaborons \u00e9troitement avec les professionnels artisans, entreprises, et ma\u00eetres d\u2019\u0153uvre pour fournir des solutions de qualit\u00e9 adapt\u00e9es \u00e0 tous les types de projet, neuf et r\u00e9novation.<br><br>Nos usines disposent de la capacit\u00e9 n\u00e9cessaire pour r\u00e9pondre \u00e0 vos demandes. De la conception \u00e0 la fabrication, nos produits sont le savoir-faire d\u2019un personnel hautement qualifi\u00e9. Ils sont conformes aux normes les plus \u00e9lev\u00e9es en mati\u00e8re de s\u00e9curit\u00e9, de performances et de durabilit\u00e9.<\/p>\n<\/div>\n<\/div>\n\n\n\n<div class=\"wp-block-column is-layout-flow wp-block-column-is-layout-flow\" style=\"flex-basis:100%\">\n<figure class=\"wp-block-video\"><video height=\"1080\" style=\"aspect-ratio: 1920 \/ 1080;\" width=\"1920\" autoplay loop muted src=\"https:\/\/paladio.fr\/wp-content\/uploads\/2024\/06\/Sequence-01-Copier-02.mp4\" playsinline><\/video><\/figure>\n<\/div>\n<\/div>\n\n\n\n<div style=\"margin-top:0;margin-bottom:0;height:50px\" aria-hidden=\"true\" class=\"wp-block-spacer\"><\/div>\n\n\n\n<hr class=\"wp-block-separator has-text-color has-accent-color has-alpha-channel-opacity has-accent-background-color has-background is-style-wide\"\/>\n\n\n\n<div style=\"margin-top:0;margin-bottom:0;height:50px\" aria-hidden=\"true\" class=\"wp-block-spacer\"><\/div>\n\n\n\n<div data-aos='fade' data-block='1' class=\"wp-block-columns alignwide magic-BAAAA is-layout-flex wp-container-core-columns-is-layout-28f84493 wp-block-columns-is-layout-flex\">\n<div class=\"wp-block-column is-layout-flow wp-block-column-is-layout-flow\" style=\"padding-right:var(--wp--preset--spacing--20);padding-left:var(--wp--preset--spacing--20)\">\n<figure class=\"wp-block-image aligncenter size-full is-resized\"><img fetchpriority=\"high\" decoding=\"async\" width=\"460\" height=\"158\" src=\"https:\/\/paladio.fr\/wp-content\/uploads\/2024\/06\/Fichier-3134.webp\" alt=\"\" class=\"wp-image-2569\" style=\"width:auto;height:50px\" srcset=\"https:\/\/paladio.fr\/wp-content\/uploads\/2024\/06\/Fichier-3134.webp 460w, https:\/\/paladio.fr\/wp-content\/uploads\/2024\/06\/Fichier-3134-300x103.webp 300w\" sizes=\"(max-width: 460px) 100vw, 460px\" \/><\/figure>\n\n\n\n<div style=\"height:10px\" aria-hidden=\"true\" class=\"wp-block-spacer\"><\/div>\n\n\n\n<p class=\"has-text-align-center has-contrast-2-color has-text-color\" style=\"padding-right:0;padding-left:0;font-size:13px\">90% de nos d\u00e9chets sont recycl\u00e9s de mani\u00e8re \u00e9thique et cela gr\u00e2ce \u00e0 nos diff\u00e9rents partenaires.<\/p>\n<\/div>\n\n\n\n<div class=\"wp-block-column is-layout-flow wp-block-column-is-layout-flow\" style=\"padding-right:var(--wp--preset--spacing--20);padding-left:var(--wp--preset--spacing--20)\">\n<figure class=\"wp-block-image aligncenter size-full is-resized\"><img decoding=\"async\" width=\"210\" height=\"153\" src=\"https:\/\/paladio.fr\/wp-content\/uploads\/2024\/06\/Fichier-3136.webp\" alt=\"\" class=\"wp-image-2570\" style=\"width:auto;height:50px\"\/><\/figure>\n\n\n\n<div style=\"height:10px\" aria-hidden=\"true\" class=\"wp-block-spacer\"><\/div>\n\n\n\n<p class=\"has-text-align-center has-contrast-2-color has-text-color\" style=\"padding-right:0;padding-left:0;font-size:13px\">Nous sommes pr\u00e9sents et travaillons avec des professionnels dans les 13 r\u00e9gions fran\u00e7aises.<\/p>\n<\/div>\n\n\n\n<div class=\"wp-block-column is-layout-flow wp-block-column-is-layout-flow\" style=\"padding-right:var(--wp--preset--spacing--20);padding-left:var(--wp--preset--spacing--20)\">\n<figure class=\"wp-block-image aligncenter size-full is-resized\"><img decoding=\"async\" width=\"105\" height=\"152\" src=\"https:\/\/paladio.fr\/wp-content\/uploads\/2024\/06\/Fichier-3133.webp\" alt=\"\" class=\"wp-image-2571\" style=\"width:auto;height:50px\"\/><\/figure>\n\n\n\n<div style=\"height:10px\" aria-hidden=\"true\" class=\"wp-block-spacer\"><\/div>\n\n\n\n<p class=\"has-text-align-center has-contrast-2-color has-text-color\" style=\"padding-right:0;padding-left:0;font-size:13px\">Paladio a aujourd&rsquo;hui 3 sites de production situ\u00e9 en France \u00e0 Lestrem, Orl\u00e9ans et Cond\u00e9 en Normandie.<\/p>\n<\/div>\n\n\n\n<div class=\"wp-block-column is-layout-flow wp-block-column-is-layout-flow\" style=\"padding-right:var(--wp--preset--spacing--20);padding-left:var(--wp--preset--spacing--20)\">\n<figure class=\"wp-block-image aligncenter size-full is-resized\"><img loading=\"lazy\" decoding=\"async\" width=\"246\" height=\"157\" src=\"https:\/\/paladio.fr\/wp-content\/uploads\/2024\/06\/Fichier-3135.webp\" alt=\"\" class=\"wp-image-2572\" style=\"width:auto;height:50px\"\/><\/figure>\n\n\n\n<div style=\"height:10px\" aria-hidden=\"true\" class=\"wp-block-spacer\"><\/div>\n\n\n\n<p class=\"has-text-align-center has-contrast-2-color has-text-color\" style=\"padding-right:0;padding-left:0;font-size:13px\">Nous travaillons en collaboration avec 20 partenaires avec lesquels nous avons b\u00e2ti des relations de confiances.<\/p>\n<\/div>\n<\/div>\n\n\n\n<div style=\"margin-top:0;margin-bottom:0;height:50px\" aria-hidden=\"true\" class=\"wp-block-spacer\"><\/div>\n\n\n\n<hr class=\"wp-block-separator has-text-color has-accent-color has-alpha-channel-opacity has-accent-background-color has-background is-style-wide\"\/>\n\n\n\n<div style=\"margin-top:0;margin-bottom:0;height:50px\" aria-hidden=\"true\" class=\"wp-block-spacer\"><\/div>\n\n\n\n<div data-aos='fade' data-block='1' class=\"wp-block-media-text alignwide is-stacked-on-mobile magic-BAAAA\" style=\"grid-template-columns:60% auto\"><figure class=\"wp-block-media-text__media\"><img loading=\"lazy\" decoding=\"async\" width=\"1024\" height=\"576\" src=\"https:\/\/paladio.fr\/wp-content\/uploads\/2024\/05\/Qui-somme-nous-2-1024x576.webp\" alt=\"Photo pogn\u00e9e de main\" class=\"wp-image-2039 size-full\" srcset=\"https:\/\/paladio.fr\/wp-content\/uploads\/2024\/05\/Qui-somme-nous-2-1024x576.webp 1024w, https:\/\/paladio.fr\/wp-content\/uploads\/2024\/05\/Qui-somme-nous-2-300x169.webp 300w, https:\/\/paladio.fr\/wp-content\/uploads\/2024\/05\/Qui-somme-nous-2-768x432.webp 768w, https:\/\/paladio.fr\/wp-content\/uploads\/2024\/05\/Qui-somme-nous-2-1536x864.webp 1536w, https:\/\/paladio.fr\/wp-content\/uploads\/2024\/05\/Qui-somme-nous-2.webp 1920w\" sizes=\"(max-width: 1024px) 100vw, 1024px\" \/><\/figure><div class=\"wp-block-media-text__content\">\n<div class=\"wp-block-columns alignwide is-layout-flex wp-container-core-columns-is-layout-28f84493 wp-block-columns-is-layout-flex\">\n<div class=\"wp-block-column is-layout-flow wp-block-column-is-layout-flow\" style=\"flex-basis:100%\">\n<p class=\"has-text-align-center has-text-color has-link-color has-montserrat-font-family wp-elements-769bcc543e531a573b36144da7fbb02d\" style=\"color:#006581;font-size:clamp(16.293px, 1.018rem + ((1vw - 3.2px) * 0.907), 25px);font-style:normal;font-weight:600\">Nos valeurs<\/p>\n<\/div>\n<\/div>\n\n\n\n<p class=\"has-text-align-center has-contrast-2-color has-text-color\" style=\"font-size:clamp(14px, 0.875rem + ((1vw - 3.2px) * 0.104), 15px);\">Les relations humaines, bas\u00e9es sur la fid\u00e9lit\u00e9 et la confiance, sont au centre des \u00e9changes avec nos collaborateurs et partenaires.<br><br>La qualit\u00e9, leitmotiv cl\u00e9, est notre engagement quotidien pour proposer les meilleurs produits sur vos chantiers. L\u2019innovation et l\u2019optimisation de nos productions, nous permettent de nous adapter \u00e0 toutes les \u00e9volutions du march\u00e9 en temps r\u00e9el.<br><br>La satisfaction client, votre satisfaction, est au c\u0153ur de nos \u00e9changes avec vous. Nous apportons r\u00e9activit\u00e9, technicit\u00e9 et esprit d\u2019\u00e9quipe pour performer ensemble.<br><br>L\u2019environnement, sujet essentiel, est parfaitement pris en compte dans nos productions : recyclage de l\u2019ensemble de nos d\u00e9chets (PVC et m\u00e9talliques), participation \u00e0 la d\u00e9marche \u00e9co-responsable avec Valobat.<\/p>\n<\/div><\/div>\n\n\n\n<div style=\"margin-top:0;margin-bottom:0;height:50px\" aria-hidden=\"true\" class=\"wp-block-spacer\"><\/div>\n\n\n\n<hr class=\"wp-block-separator has-text-color has-accent-color has-alpha-channel-opacity has-accent-background-color has-background is-style-wide\"\/>\n\n\n\n<div style=\"margin-top:0;margin-bottom:0;height:50px\" aria-hidden=\"true\" class=\"wp-block-spacer\"><\/div>\n\n\n\n<div data-aos='fade' data-block='1' class=\"wp-block-media-text alignwide has-media-on-the-right is-stacked-on-mobile magic-BAAAA\" style=\"grid-template-columns:auto 60%\"><div class=\"wp-block-media-text__content\">\n<div class=\"wp-block-columns alignwide is-layout-flex wp-container-core-columns-is-layout-28f84493 wp-block-columns-is-layout-flex\">\n<div class=\"wp-block-column is-layout-flow wp-block-column-is-layout-flow\" style=\"flex-basis:100%\">\n<p class=\"has-text-align-center has-text-color has-link-color has-montserrat-font-family wp-elements-9410cba043f5be65afa8ca69ea6ccd5d\" style=\"color:#006581;font-size:clamp(16.293px, 1.018rem + ((1vw - 3.2px) * 0.907), 25px);font-style:normal;font-weight:600\">Nos engagements<\/p>\n<\/div>\n<\/div>\n\n\n\n<p class=\"has-text-align-center has-contrast-2-color has-text-color\" style=\"font-size:clamp(14px, 0.875rem + ((1vw - 3.2px) * 0.104), 15px);\">Chez Paladio, nous offrons des solutions sur-mesure \u00e0 des prix comp\u00e9titifs en travaillant directement avec des professionnels de la menuiserie reconnus. Notre \u00e9quipe 100% fran\u00e7aise est r\u00e9active et place le client au centre de ses activit\u00e9s, proposant un accompagnement complet du projet \u00e0 la pose finale.<br><br>Nous assurons un contr\u00f4le qualit\u00e9 strict avec une production nationale dont 95% est r\u00e9alis\u00e9e dans nos usines. Notre service apr\u00e8s-vente offre une garantie de 5 ans et intervient rapidement pour r\u00e9soudre les probl\u00e8mes.<br><br>Paladio met \u00e9galement \u00e0 disposition des outils marketing et assure une logistique fiable avec des livraisons respectant les d\u00e9lais et une tra\u00e7abilit\u00e9 des produits.<br><br>D\u00e9couvrez l\u2019excellence et la fiabilit\u00e9 de Paladio pour tous vos projets de menuiserie.<\/p>\n<\/div><figure class=\"wp-block-media-text__media\"><img loading=\"lazy\" decoding=\"async\" width=\"1024\" height=\"576\" src=\"https:\/\/paladio.fr\/wp-content\/uploads\/2024\/05\/Qui-somme-nous-3-1024x576.webp\" alt=\"\" class=\"wp-image-2040 size-full\" srcset=\"https:\/\/paladio.fr\/wp-content\/uploads\/2024\/05\/Qui-somme-nous-3-1024x576.webp 1024w, https:\/\/paladio.fr\/wp-content\/uploads\/2024\/05\/Qui-somme-nous-3-300x169.webp 300w, https:\/\/paladio.fr\/wp-content\/uploads\/2024\/05\/Qui-somme-nous-3-768x432.webp 768w, https:\/\/paladio.fr\/wp-content\/uploads\/2024\/05\/Qui-somme-nous-3-1536x864.webp 1536w, https:\/\/paladio.fr\/wp-content\/uploads\/2024\/05\/Qui-somme-nous-3.webp 1920w\" sizes=\"(max-width: 1024px) 100vw, 1024px\" \/><\/figure><\/div>\n\n\n\n<div style=\"margin-top:0;margin-bottom:0;height:50px\" aria-hidden=\"true\" class=\"wp-block-spacer\"><\/div>\n\n\n\n<div style=\"margin-top:0;margin-bottom:0;height:50px\" aria-hidden=\"true\" class=\"wp-block-spacer\"><\/div>\n\n\n\n<div data-block='1' class=\"wp-block-group alignwide magic-AAAAA has-global-padding is-layout-constrained wp-block-group-is-layout-constrained\">\n<div class=\"wp-block-columns alignwide is-layout-flex wp-container-core-columns-is-layout-28f84493 wp-block-columns-is-layout-flex\">\n<div class=\"wp-block-column is-layout-flow wp-block-column-is-layout-flow\">\n<p class=\"has-text-align-center has-text-color has-link-color has-montserrat-font-family wp-elements-480505be5600a32444816191a2f0dad6\" style=\"color:#006581;font-size:clamp(14px, 0.875rem + ((1vw - 3.2px) * 0.313), 17px);font-style:italic;font-weight:400\">Pour plus d\u2019information, n\u2019h\u00e9sitez pas \u00e0 t\u00e9l\u00e9charger le catalogue ou \u00e0 contacter notre \u00e9quipe.<\/p>\n<\/div>\n<\/div>\n\n\n\n<div class=\"wp-block-columns is-layout-flex wp-container-core-columns-is-layout-28f84493 wp-block-columns-is-layout-flex\">\n<div class=\"wp-block-column is-layout-flow wp-block-column-is-layout-flow\">\n<div class=\"wp-block-buttons is-content-justification-center is-layout-flex wp-container-core-buttons-is-layout-a89b3969 wp-block-buttons-is-layout-flex\">\n<div class=\"wp-block-button has-custom-font-size hvr-grow-shadow has-montserrat-font-family\" style=\"font-size:12px;font-style:normal;font-weight:700;text-transform:uppercase\"><a class=\"wp-block-button__link has-contrast-color has-text-color has-background has-link-color wp-element-button\" href=\"https:\/\/paladio.fr\/index.php\/nos-catalogues\/\" style=\"border-radius:100px;background-color:#e2cb9a\"><strong>t\u00e9l\u00e9charger<\/strong><\/a><\/div>\n<\/div>\n<\/div>\n\n\n\n<div class=\"wp-block-column is-layout-flow wp-block-column-is-layout-flow\">\n<div class=\"wp-block-buttons is-content-justification-center is-layout-flex wp-container-core-buttons-is-layout-a89b3969 wp-block-buttons-is-layout-flex\">\n<div class=\"wp-block-button has-custom-font-size hvr-grow-shadow has-montserrat-font-family\" style=\"font-size:12px;font-style:normal;font-weight:700;text-transform:uppercase\"><a class=\"wp-block-button__link has-contrast-color has-text-color has-background has-link-color wp-element-button\" href=\"https:\/\/paladio.fr\/index.php\/contact\/\" style=\"border-radius:100px;background-color:#e2cb9a\"><strong>Nous contacter<\/strong><\/a><\/div>\n<\/div>\n<\/div>\n<\/div>\n<\/div>\n\n\n\n<div style=\"height:60px\" aria-hidden=\"true\" class=\"wp-block-spacer\"><\/div>\n","protected":false},"excerpt":{"rendered":"<p>Qui sommes nous ? Paladio Nous avons cr\u00e9\u00e9 Paladio pour commercialiser l\u2019ensemble des produits fabriqu\u00e9s dans nos sites de production. Pr\u00e9sents sur tout le territoire, nous affirmons clairement notre engagement de fabricant national. Nous collaborons \u00e9troitement avec les professionnels artisans, entreprises, et ma\u00eetres d\u2019\u0153uvre pour fournir des solutions de qualit\u00e9 adapt\u00e9es \u00e0 tous les types [&hellip;]<\/p>\n","protected":false},"author":2,"featured_media":0,"parent":0,"menu_order":0,"comment_status":"closed","ping_status":"closed","template":"","meta":{"footnotes":""},"class_list":["post-106","page","type-page","status-publish","hentry"],"_links":{"self":[{"href":"https:\/\/paladio.fr\/index.php\/wp-json\/wp\/v2\/pages\/106","targetHints":{"allow":["GET"]}}],"collection":[{"href":"https:\/\/paladio.fr\/index.php\/wp-json\/wp\/v2\/pages"}],"about":[{"href":"https:\/\/paladio.fr\/index.php\/wp-json\/wp\/v2\/types\/page"}],"author":[{"embeddable":true,"href":"https:\/\/paladio.fr\/index.php\/wp-json\/wp\/v2\/users\/2"}],"replies":[{"embeddable":true,"href":"https:\/\/paladio.fr\/index.php\/wp-json\/wp\/v2\/comments?post=106"}],"version-history":[{"count":80,"href":"https:\/\/paladio.fr\/index.php\/wp-json\/wp\/v2\/pages\/106\/revisions"}],"predecessor-version":[{"id":2666,"href":"https:\/\/paladio.fr\/index.php\/wp-json\/wp\/v2\/pages\/106\/revisions\/2666"}],"wp:attachment":[{"href":"https:\/\/paladio.fr\/index.php\/wp-json\/wp\/v2\/media?parent=106"}],"curies":[{"name":"wp","href":"https:\/\/api.w.org\/{rel}","templated":true}]}}