{"id":1304,"date":"2024-05-06T15:12:37","date_gmt":"2024-05-06T13:12:37","guid":{"rendered":"https:\/\/paladio.fr\/?page_id=1304"},"modified":"2024-06-11T14:11:05","modified_gmt":"2024-06-11T12:11:05","slug":"nos-catalogues","status":"publish","type":"page","link":"https:\/\/paladio.fr\/index.php\/nos-catalogues\/","title":{"rendered":"Nos catalogues"},"content":{"rendered":"\n<div style=\"margin-top:0;margin-bottom:0;height:60px\" aria-hidden=\"true\" class=\"wp-block-spacer\"><\/div>\n\n\n\n<div data-block='1' class=\"wp-block-columns alignwide o-anim-offset-450px magic-AAAAA is-layout-flex wp-container-core-columns-is-layout-44590b80 wp-block-columns-is-layout-flex\" style=\"margin-top:0;margin-bottom:0;padding-top:0;padding-bottom:0\">\n<div class=\"wp-block-column is-layout-flow wp-block-column-is-layout-flow\">\n<p class=\"has-text-align-center has-text-color has-heading-font-family\" style=\"color:#ee7a10;margin-top:0;margin-bottom:0;padding-top:0;padding-bottom:0;font-size:clamp(21.536px, 1.346rem + ((1vw - 3.2px) * 1.403), 35px);font-style:normal;font-weight:600\">Nos catalogues<\/p>\n<\/div>\n<\/div>\n\n\n\n<div style=\"margin-top:0;margin-bottom:0;height:30px\" aria-hidden=\"true\" class=\"wp-block-spacer\"><\/div>\n\n\n\n<div data-aos='fade' data-block='1' class=\"wp-block-media-text alignwide has-media-on-the-right is-stacked-on-mobile is-vertically-aligned-center magic-BAAAA\" style=\"grid-template-columns:auto 60%\"><div class=\"wp-block-media-text__content\">\n<h2 class=\"wp-block-heading has-text-align-center has-text-color has-link-color has-montserrat-font-family wp-elements-c8ed7a15a5021494e74e05a5da325770\" style=\"color:#006581;font-size:clamp(16.293px, 1.018rem + ((1vw - 3.2px) * 0.907), 25px);font-style:normal;font-weight:600\">Plaquette de pr\u00e9sentation<\/h2>\n\n\n\n<hr class=\"wp-block-separator aligncenter has-text-color has-alpha-channel-opacity has-background\" style=\"margin-bottom:var(--wp--preset--spacing--20);background-color:#006581;color:#006581\"\/>\n\n\n\n<p class=\"has-text-align-center has-contrast-2-color has-text-color has-link-color wp-elements-0c21afb598eeed181630953714c49d1f\" style=\"padding-right:var(--wp--preset--spacing--30);padding-left:var(--wp--preset--spacing--30);font-size:clamp(14px, 0.875rem + ((1vw - 3.2px) * 0.104), 15px);\">T\u00e9l\u00e9charger notre plaquette de pr\u00e9sentation pour avoir une vue d&rsquo;ensemble sur tout les produits que propose Paladio.<\/p>\n\n\n\n<div style=\"height:30px\" aria-hidden=\"true\" class=\"wp-block-spacer\"><\/div>\n\n\n\n<div class=\"wp-block-buttons is-content-justification-center is-layout-flex wp-container-core-buttons-is-layout-a89b3969 wp-block-buttons-is-layout-flex\">\n<div class=\"wp-block-button has-custom-font-size hvr-grow-shadow has-montserrat-font-family\" style=\"font-size:12px;font-style:normal;font-weight:700;text-transform:uppercase\"><a class=\"wp-block-button__link has-contrast-color has-text-color has-background has-link-color has-text-align-center wp-element-button\" href=\"https:\/\/paladio.fr\/wp-content\/uploads\/2024\/05\/PRESENTATION-PALADIO-2.pdf\" style=\"border-radius:58px;background-color:#e2cb9a\"><strong>T\u00e9l\u00e9charger<\/strong><\/a><\/div>\n<\/div>\n<\/div><figure class=\"wp-block-media-text__media\"><img fetchpriority=\"high\" decoding=\"async\" width=\"1024\" height=\"576\" src=\"https:\/\/paladio.fr\/wp-content\/uploads\/2024\/05\/Mockup-presentation-1024x576.webp\" alt=\"Plaquette de pr\u00e9sentation Paladio\" class=\"wp-image-2062 size-full\" srcset=\"https:\/\/paladio.fr\/wp-content\/uploads\/2024\/05\/Mockup-presentation-1024x576.webp 1024w, https:\/\/paladio.fr\/wp-content\/uploads\/2024\/05\/Mockup-presentation-300x169.webp 300w, https:\/\/paladio.fr\/wp-content\/uploads\/2024\/05\/Mockup-presentation-768x432.webp 768w, https:\/\/paladio.fr\/wp-content\/uploads\/2024\/05\/Mockup-presentation-1536x864.webp 1536w, https:\/\/paladio.fr\/wp-content\/uploads\/2024\/05\/Mockup-presentation.webp 1920w\" sizes=\"(max-width: 1024px) 100vw, 1024px\" \/><\/figure><\/div>\n\n\n\n<div style=\"margin-top:0;margin-bottom:0;height:50px\" aria-hidden=\"true\" class=\"wp-block-spacer\"><\/div>\n\n\n\n<hr class=\"wp-block-separator has-text-color has-accent-color has-alpha-channel-opacity has-accent-background-color has-background is-style-wide\"\/>\n\n\n\n<div style=\"margin-top:0;margin-bottom:0;height:50px\" aria-hidden=\"true\" class=\"wp-block-spacer\"><\/div>\n\n\n\n<div data-aos='fade' data-block='1' class=\"wp-block-media-text alignwide is-stacked-on-mobile is-vertically-aligned-center magic-BAAAA\" style=\"grid-template-columns:60% auto\"><figure class=\"wp-block-media-text__media\"><img decoding=\"async\" width=\"1024\" height=\"576\" src=\"https:\/\/paladio.fr\/wp-content\/uploads\/2024\/05\/Mockup-porte-1024x576.webp\" alt=\"Catalogues Paladio Portes d'entr\u00e9es\" class=\"wp-image-2061 size-full\" srcset=\"https:\/\/paladio.fr\/wp-content\/uploads\/2024\/05\/Mockup-porte-1024x576.webp 1024w, https:\/\/paladio.fr\/wp-content\/uploads\/2024\/05\/Mockup-porte-300x169.webp 300w, https:\/\/paladio.fr\/wp-content\/uploads\/2024\/05\/Mockup-porte-768x432.webp 768w, https:\/\/paladio.fr\/wp-content\/uploads\/2024\/05\/Mockup-porte-1536x864.webp 1536w, https:\/\/paladio.fr\/wp-content\/uploads\/2024\/05\/Mockup-porte.webp 1920w\" sizes=\"(max-width: 1024px) 100vw, 1024px\" \/><\/figure><div class=\"wp-block-media-text__content\">\n<h2 class=\"wp-block-heading has-text-align-center has-text-color has-link-color has-montserrat-font-family wp-elements-dc9b3830b9f0f3855b9f22d1cdd41940\" style=\"color:#006581;font-size:clamp(16.293px, 1.018rem + ((1vw - 3.2px) * 0.907), 25px);font-style:normal;font-weight:600\">Catalogue portes d&rsquo;entr\u00e9e<\/h2>\n\n\n\n<hr class=\"wp-block-separator aligncenter has-text-color has-alpha-channel-opacity has-background\" style=\"margin-bottom:var(--wp--preset--spacing--20);background-color:#006581;color:#006581\"\/>\n\n\n\n<p class=\"has-text-align-center has-contrast-2-color has-text-color has-link-color wp-elements-b065124dacd33e2ea2919da68cdf8333\" style=\"padding-right:var(--wp--preset--spacing--30);padding-left:var(--wp--preset--spacing--30);font-size:clamp(14px, 0.875rem + ((1vw - 3.2px) * 0.104), 15px);\">T\u00e9l\u00e9charger notre catalogue pour avoir les d\u00e9tails de tout les produits propos\u00e9 dans nos quatre collections de portes d&rsquo;entr\u00e9es: Cr\u00e9atives, Classiques, Contemporaines et Monobloc.<\/p>\n\n\n\n<div style=\"height:30px\" aria-hidden=\"true\" class=\"wp-block-spacer\"><\/div>\n\n\n\n<div class=\"wp-block-buttons is-content-justification-center is-layout-flex wp-container-core-buttons-is-layout-a89b3969 wp-block-buttons-is-layout-flex\">\n<div class=\"wp-block-button has-custom-font-size hvr-grow-shadow has-montserrat-font-family\" style=\"font-size:12px;font-style:normal;font-weight:700;text-transform:uppercase\"><a class=\"wp-block-button__link has-contrast-color has-text-color has-background has-link-color has-text-align-center wp-element-button\" href=\"https:\/\/paladio.fr\/wp-content\/uploads\/2024\/05\/PORTE-PALADIO-2024-2.pdf\" style=\"border-radius:58px;background-color:#e2cb9a\"><strong>T\u00e9l\u00e9charger<\/strong><\/a><\/div>\n<\/div>\n<\/div><\/div>\n\n\n\n<div style=\"margin-top:0;margin-bottom:0;height:50px\" aria-hidden=\"true\" class=\"wp-block-spacer\"><\/div>\n\n\n\n<hr class=\"wp-block-separator has-text-color has-accent-color has-alpha-channel-opacity has-accent-background-color has-background is-style-wide\"\/>\n\n\n\n<div style=\"margin-top:0;margin-bottom:0;height:50px\" aria-hidden=\"true\" class=\"wp-block-spacer\"><\/div>\n\n\n\n<div data-aos='fade' data-block='1' class=\"wp-block-media-text alignwide has-media-on-the-right is-stacked-on-mobile is-vertically-aligned-center magic-BAAAA\" style=\"grid-template-columns:auto 60%\"><div class=\"wp-block-media-text__content\">\n<h2 class=\"wp-block-heading has-text-align-center has-text-color has-link-color has-montserrat-font-family wp-elements-0dd8c46d0fdb5828e8078892eb80833e\" style=\"color:#006581;font-size:clamp(16.293px, 1.018rem + ((1vw - 3.2px) * 0.907), 25px);font-style:normal;font-weight:600\">Catalogue volets roulants<\/h2>\n\n\n\n<hr class=\"wp-block-separator aligncenter has-text-color has-alpha-channel-opacity has-background\" style=\"margin-bottom:var(--wp--preset--spacing--20);background-color:#006581;color:#006581\"\/>\n\n\n\n<p class=\"has-text-align-center has-contrast-2-color has-text-color has-link-color wp-elements-736c6c035279018026450085dda62cd1\" style=\"padding-right:var(--wp--preset--spacing--30);padding-left:var(--wp--preset--spacing--30);font-size:clamp(14px, 0.875rem + ((1vw - 3.2px) * 0.104), 15px);\">T\u00e9l\u00e9charger notre catalogue pour avoir tout les d\u00e9tails de personnalisation possible pour notre gamme de volets roulants.<\/p>\n\n\n\n<div style=\"height:30px\" aria-hidden=\"true\" class=\"wp-block-spacer\"><\/div>\n\n\n\n<div class=\"wp-block-buttons is-content-justification-center is-layout-flex wp-container-core-buttons-is-layout-a89b3969 wp-block-buttons-is-layout-flex\">\n<div class=\"wp-block-button has-custom-font-size hvr-grow-shadow has-montserrat-font-family\" style=\"font-size:12px;font-style:normal;font-weight:700;text-transform:uppercase\"><a class=\"wp-block-button__link has-contrast-color has-text-color has-background has-link-color has-text-align-center wp-element-button\" href=\"https:\/\/paladio.fr\/wp-content\/uploads\/2024\/05\/VOLET-PALADIO-2024-2.pdf\" style=\"border-radius:58px;background-color:#e2cb9a\"><strong>T\u00e9l\u00e9charger<\/strong><\/a><\/div>\n<\/div>\n<\/div><figure class=\"wp-block-media-text__media\"><img decoding=\"async\" width=\"1024\" height=\"576\" src=\"https:\/\/paladio.fr\/wp-content\/uploads\/2024\/05\/Mockup-volet-1024x576.webp\" alt=\"Catalogues Paladio Volets roulants\" class=\"wp-image-2063 size-full\" srcset=\"https:\/\/paladio.fr\/wp-content\/uploads\/2024\/05\/Mockup-volet-1024x576.webp 1024w, https:\/\/paladio.fr\/wp-content\/uploads\/2024\/05\/Mockup-volet-300x169.webp 300w, https:\/\/paladio.fr\/wp-content\/uploads\/2024\/05\/Mockup-volet-768x432.webp 768w, https:\/\/paladio.fr\/wp-content\/uploads\/2024\/05\/Mockup-volet-1536x864.webp 1536w, https:\/\/paladio.fr\/wp-content\/uploads\/2024\/05\/Mockup-volet.webp 1920w\" sizes=\"(max-width: 1024px) 100vw, 1024px\" \/><\/figure><\/div>\n\n\n\n<div style=\"margin-top:0;margin-bottom:0;height:50px\" aria-hidden=\"true\" class=\"wp-block-spacer\"><\/div>\n\n\n\n<hr class=\"wp-block-separator has-text-color has-accent-color has-alpha-channel-opacity has-accent-background-color has-background is-style-wide\"\/>\n\n\n\n<div style=\"margin-top:0;margin-bottom:0;height:50px\" aria-hidden=\"true\" class=\"wp-block-spacer\"><\/div>\n\n\n\n<div data-aos='fade' data-block='1' class=\"wp-block-media-text alignwide is-stacked-on-mobile is-vertically-aligned-center magic-BAAAA\" style=\"grid-template-columns:60% auto\"><figure class=\"wp-block-media-text__media\"><img loading=\"lazy\" decoding=\"async\" width=\"1024\" height=\"576\" src=\"https:\/\/paladio.fr\/wp-content\/uploads\/2024\/05\/Mockup-moustiquaire-1024x576.webp\" alt=\"Catalogues Paladio Moustiquaires\" class=\"wp-image-2060 size-full\" srcset=\"https:\/\/paladio.fr\/wp-content\/uploads\/2024\/05\/Mockup-moustiquaire-1024x576.webp 1024w, https:\/\/paladio.fr\/wp-content\/uploads\/2024\/05\/Mockup-moustiquaire-300x169.webp 300w, https:\/\/paladio.fr\/wp-content\/uploads\/2024\/05\/Mockup-moustiquaire-768x432.webp 768w, https:\/\/paladio.fr\/wp-content\/uploads\/2024\/05\/Mockup-moustiquaire-1536x864.webp 1536w, https:\/\/paladio.fr\/wp-content\/uploads\/2024\/05\/Mockup-moustiquaire.webp 1920w\" sizes=\"(max-width: 1024px) 100vw, 1024px\" \/><\/figure><div class=\"wp-block-media-text__content\">\n<h2 class=\"wp-block-heading has-text-align-center has-text-color has-link-color has-montserrat-font-family wp-elements-0d06b6e06f63a8dd12d55771866564a9\" style=\"color:#006581;font-size:clamp(16.293px, 1.018rem + ((1vw - 3.2px) * 0.907), 25px);font-style:normal;font-weight:600\">Catalogue moustiquaires<\/h2>\n\n\n\n<hr class=\"wp-block-separator aligncenter has-text-color has-alpha-channel-opacity has-background\" style=\"margin-bottom:var(--wp--preset--spacing--20);background-color:#006581;color:#006581\"\/>\n\n\n\n<p class=\"has-text-align-center has-contrast-2-color has-text-color has-link-color wp-elements-5ff36d7cd6882f123af0e0e5d5070c02\" style=\"padding-right:var(--wp--preset--spacing--30);padding-left:var(--wp--preset--spacing--30);font-size:clamp(14px, 0.875rem + ((1vw - 3.2px) * 0.104), 15px);\">T\u00e9l\u00e9charger notre catalogue pour avoir tout les d\u00e9tails de personnalisation possible pour notre gamme de moustiquaires.<\/p>\n\n\n\n<div style=\"height:30px\" aria-hidden=\"true\" class=\"wp-block-spacer\"><\/div>\n\n\n\n<div class=\"wp-block-buttons is-content-justification-center is-layout-flex wp-container-core-buttons-is-layout-a89b3969 wp-block-buttons-is-layout-flex\">\n<div class=\"wp-block-button has-custom-font-size hvr-grow-shadow has-montserrat-font-family\" style=\"font-size:12px;font-style:normal;font-weight:700;text-transform:uppercase\"><a class=\"wp-block-button__link has-contrast-color has-text-color has-background has-link-color has-text-align-center wp-element-button\" href=\"https:\/\/paladio.fr\/wp-content\/uploads\/2024\/06\/MOUSTIQUAIRE-PALADIO-2024-4.pdf\" style=\"border-radius:58px;background-color:#e2cb9a\"><strong>T\u00e9l\u00e9charger<\/strong><\/a><\/div>\n<\/div>\n<\/div><\/div>\n\n\n\n<div style=\"margin-top:0;margin-bottom:0;height:50px\" aria-hidden=\"true\" class=\"wp-block-spacer\"><\/div>\n\n\n\n<hr class=\"wp-block-separator has-text-color has-accent-color has-alpha-channel-opacity has-accent-background-color has-background is-style-wide\"\/>\n\n\n\n<div style=\"margin-top:0;margin-bottom:0;height:50px\" aria-hidden=\"true\" class=\"wp-block-spacer\"><\/div>\n\n\n\n<div class=\"wp-block-columns alignwide is-layout-flex wp-container-core-columns-is-layout-28f84493 wp-block-columns-is-layout-flex\">\n<div class=\"wp-block-column is-layout-flow wp-block-column-is-layout-flow\">\n<p class=\"has-text-align-center has-text-color has-link-color has-montserrat-font-family wp-elements-70e6297bb4560fb1f96a78be27d70d1c\" style=\"color:#006581;font-size:clamp(14px, 0.875rem + ((1vw - 3.2px) * 0.313), 17px);font-style:italic;font-weight:400\">Pour plus d\u2019information, n\u2019h\u00e9sitez pas \u00e0 contacter notre \u00e9quipe.<\/p>\n<\/div>\n<\/div>\n\n\n\n<div class=\"wp-block-columns is-layout-flex wp-container-core-columns-is-layout-28f84493 wp-block-columns-is-layout-flex\">\n<div class=\"wp-block-column is-layout-flow wp-block-column-is-layout-flow\">\n<div class=\"wp-block-buttons is-content-justification-center is-layout-flex wp-container-core-buttons-is-layout-a89b3969 wp-block-buttons-is-layout-flex\">\n<div class=\"wp-block-button has-custom-font-size hvr-grow-shadow has-montserrat-font-family\" style=\"font-size:12px;font-style:normal;font-weight:700;text-transform:uppercase\"><a class=\"wp-block-button__link has-contrast-color has-text-color has-background has-link-color wp-element-button\" href=\"https:\/\/paladio.fr\/index.php\/contact\/\" style=\"border-radius:100px;background-color:#e2cb9a\"><strong>Nous contacter<\/strong><\/a><\/div>\n<\/div>\n<\/div>\n<\/div>\n\n\n\n<div style=\"height:60px\" aria-hidden=\"true\" class=\"wp-block-spacer\"><\/div>\n","protected":false},"excerpt":{"rendered":"<p>Nos catalogues Pour plus d\u2019information, n\u2019h\u00e9sitez pas \u00e0 contacter notre \u00e9quipe.<\/p>\n","protected":false},"author":2,"featured_media":0,"parent":0,"menu_order":0,"comment_status":"closed","ping_status":"closed","template":"","meta":{"footnotes":""},"class_list":["post-1304","page","type-page","status-publish","hentry"],"_links":{"self":[{"href":"https:\/\/paladio.fr\/index.php\/wp-json\/wp\/v2\/pages\/1304","targetHints":{"allow":["GET"]}}],"collection":[{"href":"https:\/\/paladio.fr\/index.php\/wp-json\/wp\/v2\/pages"}],"about":[{"href":"https:\/\/paladio.fr\/index.php\/wp-json\/wp\/v2\/types\/page"}],"author":[{"embeddable":true,"href":"https:\/\/paladio.fr\/index.php\/wp-json\/wp\/v2\/users\/2"}],"replies":[{"embeddable":true,"href":"https:\/\/paladio.fr\/index.php\/wp-json\/wp\/v2\/comments?post=1304"}],"version-history":[{"count":26,"href":"https:\/\/paladio.fr\/index.php\/wp-json\/wp\/v2\/pages\/1304\/revisions"}],"predecessor-version":[{"id":2648,"href":"https:\/\/paladio.fr\/index.php\/wp-json\/wp\/v2\/pages\/1304\/revisions\/2648"}],"wp:attachment":[{"href":"https:\/\/paladio.fr\/index.php\/wp-json\/wp\/v2\/media?parent=1304"}],"curies":[{"name":"wp","href":"https:\/\/api.w.org\/{rel}","templated":true}]}}